{"id":11158,"date":"2024-09-29T14:24:25","date_gmt":"2024-09-29T11:24:25","guid":{"rendered":"https:\/\/denthelen.com\/before-after\/"},"modified":"2026-04-10T13:50:11","modified_gmt":"2026-04-10T10:50:11","slug":"before-after","status":"publish","type":"page","link":"https:\/\/denthelen.com\/cs\/before-after\/","title":{"rendered":"P\u0159ed a po"},"content":{"rendered":"\t\t<div data-elementor-type=\"wp-page\" data-elementor-id=\"11158\" class=\"elementor elementor-11158 elementor-6197\" data-elementor-post-type=\"page\">\n\t\t\t\t<div class=\"wd-negative-gap elementor-element elementor-element-3a7ca87 e-flex e-con-boxed e-con e-parent\" data-id=\"3a7ca87\" data-element_type=\"container\" data-e-type=\"container\">\n\t\t\t\t\t<div class=\"e-con-inner\">\n\t\t\t\t<div class=\"elementor-element elementor-element-14bd6b7 wd-width-100 elementor-widget elementor-widget-wd_title\" data-id=\"14bd6b7\" data-element_type=\"widget\" data-e-type=\"widget\" data-widget_type=\"wd_title.default\">\n\t\t\t\t<div class=\"elementor-widget-container\">\n\t\t\t\t\t\t\t<div class=\"title-wrapper wd-set-mb reset-last-child wd-title-color-default wd-title-style-default wd-title-size-default text-center\">\n\n\t\t\t\n\t\t\t<div class=\"liner-continer\">\n\t\t\t\t<h2 class=\"woodmart-title-container title wd-fontsize-l\">Prom\u011bna \u00fasm\u011bvu<\/h2> \n\t\t\t\t\t\t\t<\/div>\n\n\t\t\t\t\t\t\t<div class=\"title-after_title reset-last-child wd-fontsize-xs\">\n\t\t\t\t\t<p><strong>Pod\u00edvejte se, jak pe\u010dliv\u011b navr\u017een\u00fd \u00fasm\u011bv m\u016f\u017ee obnovit sebev\u011bdom\u00ed a zm\u011bnit ka\u017edodenn\u00ed \u017eivot.<\/strong><\/p>\t\t\t\t<\/div>\n\t\t\t\t\t<\/div>\n\t\t\t\t\t\t<\/div>\n\t\t\t\t<\/div>\n\t\t\t\t\t<\/div>\n\t\t\t\t<\/div>\n\t\t<div class=\"elementor-element elementor-element-5c9469f e-con-full e-flex e-con e-parent\" data-id=\"5c9469f\" data-element_type=\"container\" data-e-type=\"container\">\n\t\t\t\t<div class=\"elementor-element elementor-element-6c360f4 elementor-widget elementor-widget-gallery\" data-id=\"6c360f4\" data-element_type=\"widget\" data-e-type=\"widget\" data-settings=\"{&quot;aspect_ratio&quot;:&quot;1:1&quot;,&quot;content_hover_animation&quot;:&quot;fade-out&quot;,&quot;content_sequenced_animation&quot;:&quot;yes&quot;,&quot;image_hover_animation&quot;:&quot;grow&quot;,&quot;columns_mobile&quot;:2,&quot;gap&quot;:{&quot;unit&quot;:&quot;px&quot;,&quot;size&quot;:25,&quot;sizes&quot;:[]},&quot;lazyload&quot;:&quot;yes&quot;,&quot;gallery_layout&quot;:&quot;grid&quot;,&quot;columns&quot;:4,&quot;columns_tablet&quot;:2,&quot;gap_tablet&quot;:{&quot;unit&quot;:&quot;px&quot;,&quot;size&quot;:10,&quot;sizes&quot;:[]},&quot;gap_mobile&quot;:{&quot;unit&quot;:&quot;px&quot;,&quot;size&quot;:10,&quot;sizes&quot;:[]}}\" data-widget_type=\"gallery.default\">\n\t\t\t\t<div class=\"elementor-widget-container\">\n\t\t\t\t\t\t\t<div class=\"elementor-gallery__container\">\n\t\t\t\t\t\t\t<div class=\"e-gallery-item elementor-gallery-item elementor-animated-content\">\n\t\t\t\t\t<div class=\"e-gallery-image elementor-gallery-item__image\" data-thumbnail=\"https:\/\/denthelen.com\/wp-content\/uploads\/2024\/07\/compozit-bonding-300x300.jpg\" data-width=\"300\" data-height=\"300\" aria-label=\"Kompozitn\u00ed lepen\u00ed zub\u016f Helen 2026\" role=\"img\" ><\/div>\n\t\t\t\t\t\t\t\t\t\t\t\t\t\t<\/div>\n\t\t\t\t\t\t\t<div class=\"e-gallery-item elementor-gallery-item elementor-animated-content\">\n\t\t\t\t\t<div class=\"e-gallery-image elementor-gallery-item__image\" data-thumbnail=\"https:\/\/denthelen.com\/wp-content\/uploads\/2024\/07\/all-on-six-300x300.jpg\" data-width=\"300\" data-height=\"300\" aria-label=\"V\u0161e na \u0161esti zubech Helen 2026\" role=\"img\" ><\/div>\n\t\t\t\t\t\t\t\t\t\t\t\t\t\t<\/div>\n\t\t\t\t\t\t\t<div class=\"e-gallery-item elementor-gallery-item elementor-animated-content\">\n\t\t\t\t\t<div class=\"e-gallery-image elementor-gallery-item__image\" data-thumbnail=\"https:\/\/denthelen.com\/wp-content\/uploads\/2024\/07\/zirkon-6-300x300.jpg\" data-width=\"300\" data-height=\"300\" aria-label=\"Zirkonov\u00e1 l\u00e9\u010dba zub\u016f Helen\" role=\"img\" ><\/div>\n\t\t\t\t\t\t\t\t\t\t\t\t\t\t<\/div>\n\t\t\t\t\t\t\t<div class=\"e-gallery-item elementor-gallery-item elementor-animated-content\">\n\t\t\t\t\t<div class=\"e-gallery-image elementor-gallery-item__image\" data-thumbnail=\"https:\/\/denthelen.com\/wp-content\/uploads\/2024\/07\/zirkon-3-300x300.jpg\" data-width=\"300\" data-height=\"300\" aria-label=\"Zirkonov\u00e1 l\u00e9\u010dba zub\u016f Helen\" role=\"img\" ><\/div>\n\t\t\t\t\t\t\t\t\t\t\t\t\t\t<\/div>\n\t\t\t\t\t\t\t<div class=\"e-gallery-item elementor-gallery-item elementor-animated-content\">\n\t\t\t\t\t<div class=\"e-gallery-image elementor-gallery-item__image\" data-thumbnail=\"https:\/\/denthelen.com\/wp-content\/uploads\/2024\/07\/zirkon-2-300x300.jpg\" data-width=\"300\" data-height=\"300\" aria-label=\"Zirkonov\u00e1 l\u00e9\u010dba zub\u016f Helen\" role=\"img\" ><\/div>\n\t\t\t\t\t\t\t\t\t\t\t\t\t\t<\/div>\n\t\t\t\t\t\t\t<div class=\"e-gallery-item elementor-gallery-item elementor-animated-content\">\n\t\t\t\t\t<div class=\"e-gallery-image elementor-gallery-item__image\" data-thumbnail=\"https:\/\/denthelen.com\/wp-content\/uploads\/2024\/07\/zirkon-1-300x300.jpg\" data-width=\"300\" data-height=\"300\" aria-label=\"Zirkonov\u00e1 l\u00e9\u010dba zub\u016f Helen\" role=\"img\" ><\/div>\n\t\t\t\t\t\t\t\t\t\t\t\t\t\t<\/div>\n\t\t\t\t\t\t\t<div class=\"e-gallery-item elementor-gallery-item elementor-animated-content\">\n\t\t\t\t\t<div class=\"e-gallery-image elementor-gallery-item__image\" data-thumbnail=\"https:\/\/denthelen.com\/wp-content\/uploads\/2024\/07\/zirconium-10-300x300.jpg\" data-width=\"300\" data-height=\"300\" aria-label=\"Zirkonov\u00e1 l\u00e9\u010dba zub\u016f Helen\" role=\"img\" ><\/div>\n\t\t\t\t\t\t\t\t\t\t\t\t\t\t<\/div>\n\t\t\t\t\t\t\t<div class=\"e-gallery-item elementor-gallery-item elementor-animated-content\">\n\t\t\t\t\t<div class=\"e-gallery-image elementor-gallery-item__image\" data-thumbnail=\"https:\/\/denthelen.com\/wp-content\/uploads\/2024\/07\/zirconium-9-300x300.jpg\" data-width=\"300\" data-height=\"300\" aria-label=\"Zirkonov\u00e1 l\u00e9\u010dba zub\u016f Helen\" role=\"img\" ><\/div>\n\t\t\t\t\t\t\t\t\t\t\t\t\t\t<\/div>\n\t\t\t\t\t\t\t<div class=\"e-gallery-item elementor-gallery-item elementor-animated-content\">\n\t\t\t\t\t<div class=\"e-gallery-image elementor-gallery-item__image\" data-thumbnail=\"https:\/\/denthelen.com\/wp-content\/uploads\/2024\/07\/zirconium-8-300x300.jpg\" data-width=\"300\" data-height=\"300\" aria-label=\"Zirkonov\u00e1 l\u00e9\u010dba zub\u016f Helen\" role=\"img\" ><\/div>\n\t\t\t\t\t\t\t\t\t\t\t\t\t\t<\/div>\n\t\t\t\t\t\t\t<div class=\"e-gallery-item elementor-gallery-item elementor-animated-content\">\n\t\t\t\t\t<div class=\"e-gallery-image elementor-gallery-item__image\" data-thumbnail=\"https:\/\/denthelen.com\/wp-content\/uploads\/2024\/07\/zirconim-300x300.jpg\" data-width=\"300\" data-height=\"300\" aria-label=\"Zirkonov\u00e1 l\u00e9\u010dba zub\u016f Helen\" role=\"img\" ><\/div>\n\t\t\t\t\t\t\t\t\t\t\t\t\t\t<\/div>\n\t\t\t\t\t\t\t<div class=\"e-gallery-item elementor-gallery-item elementor-animated-content\">\n\t\t\t\t\t<div class=\"e-gallery-image elementor-gallery-item__image\" data-thumbnail=\"https:\/\/denthelen.com\/wp-content\/uploads\/2024\/07\/Untitled-1aa-300x300.jpg\" data-width=\"300\" data-height=\"300\" aria-label=\"O\u0161et\u0159en\u00ed E-Max Dent Helen\" role=\"img\" ><\/div>\n\t\t\t\t\t\t\t\t\t\t\t\t\t\t<\/div>\n\t\t\t\t\t\t\t<div class=\"e-gallery-item elementor-gallery-item elementor-animated-content\">\n\t\t\t\t\t<div class=\"e-gallery-image elementor-gallery-item__image\" data-thumbnail=\"https:\/\/denthelen.com\/wp-content\/uploads\/2024\/07\/compozit-300x300.jpg\" data-width=\"300\" data-height=\"300\" aria-label=\"Kompozitn\u00ed lepen\u00ed zub\u016f Helen 2026\" role=\"img\" ><\/div>\n\t\t\t\t\t\t\t\t\t\t\t\t\t\t<\/div>\n\t\t\t\t\t<\/div>\n\t\t\t\t\t<\/div>\n\t\t\t\t<\/div>\n\t\t\t\t<\/div>\n\t\t\t\t<\/div>\n\t\t","protected":false},"excerpt":{"rendered":"<p>Prom\u011bna \u00fasm\u011bvu Pod\u00edvejte se, jak pe\u010dliv\u011b navr\u017een\u00fd \u00fasm\u011bv m\u016f\u017ee obnovit sebev\u011bdom\u00ed a zm\u011bnit ka\u017edodenn\u00ed \u017eivot.<\/p>\n","protected":false},"author":3,"featured_media":11160,"parent":0,"menu_order":0,"comment_status":"closed","ping_status":"closed","template":"","meta":{"footnotes":""},"class_list":["post-11158","page","type-page","status-publish","has-post-thumbnail","hentry"],"_links":{"self":[{"href":"https:\/\/denthelen.com\/cs\/wp-json\/wp\/v2\/pages\/11158","targetHints":{"allow":["GET"]}}],"collection":[{"href":"https:\/\/denthelen.com\/cs\/wp-json\/wp\/v2\/pages"}],"about":[{"href":"https:\/\/denthelen.com\/cs\/wp-json\/wp\/v2\/types\/page"}],"author":[{"embeddable":true,"href":"https:\/\/denthelen.com\/cs\/wp-json\/wp\/v2\/users\/3"}],"replies":[{"embeddable":true,"href":"https:\/\/denthelen.com\/cs\/wp-json\/wp\/v2\/comments?post=11158"}],"version-history":[{"count":2,"href":"https:\/\/denthelen.com\/cs\/wp-json\/wp\/v2\/pages\/11158\/revisions"}],"predecessor-version":[{"id":14133,"href":"https:\/\/denthelen.com\/cs\/wp-json\/wp\/v2\/pages\/11158\/revisions\/14133"}],"wp:featuredmedia":[{"embeddable":true,"href":"https:\/\/denthelen.com\/cs\/wp-json\/wp\/v2\/media\/11160"}],"wp:attachment":[{"href":"https:\/\/denthelen.com\/cs\/wp-json\/wp\/v2\/media?parent=11158"}],"curies":[{"name":"wp","href":"https:\/\/api.w.org\/{rel}","templated":true}]}}