{"id":11170,"date":"2025-02-21T19:52:00","date_gmt":"2025-02-21T16:52:00","guid":{"rendered":"https:\/\/denthelen.com\/wpbc-booking-received\/"},"modified":"2025-02-21T19:52:00","modified_gmt":"2025-02-21T16:52:00","slug":"wpbc-booking-received","status":"publish","type":"page","link":"https:\/\/denthelen.com\/cs\/wpbc-booking-received\/","title":{"rendered":"P\u0159ijat\u00e1 rezervace"},"content":{"rendered":"<p>D\u011bkujeme v\u00e1m za rezervaci. Va\u0161e rezervace byla \u00fasp\u011b\u0161n\u011b p\u0159ijata.<br \/>\n <div class=\"wpbc_after_booking_thank_you_section\"><div class=\"wpbc_ty__container\"><div class=\"wpbc_ty__header\"><strong>Oops!<\/strong> We could not find your booking. The link you used may be incorrect or has expired. If you need assistance, please contact our support team.<\/div><\/div><\/div><\/p>\n","protected":false},"excerpt":{"rendered":"<p>D\u011bkujeme v\u00e1m za rezervaci. Va\u0161e rezervace byla \u00fasp\u011b\u0161n\u011b p\u0159ijata.<\/p>\n","protected":false},"author":3,"featured_media":0,"parent":0,"menu_order":0,"comment_status":"closed","ping_status":"closed","template":"","meta":{"footnotes":""},"class_list":["post-11170","page","type-page","status-publish","hentry"],"_links":{"self":[{"href":"https:\/\/denthelen.com\/cs\/wp-json\/wp\/v2\/pages\/11170","targetHints":{"allow":["GET"]}}],"collection":[{"href":"https:\/\/denthelen.com\/cs\/wp-json\/wp\/v2\/pages"}],"about":[{"href":"https:\/\/denthelen.com\/cs\/wp-json\/wp\/v2\/types\/page"}],"author":[{"embeddable":true,"href":"https:\/\/denthelen.com\/cs\/wp-json\/wp\/v2\/users\/3"}],"replies":[{"embeddable":true,"href":"https:\/\/denthelen.com\/cs\/wp-json\/wp\/v2\/comments?post=11170"}],"version-history":[{"count":0,"href":"https:\/\/denthelen.com\/cs\/wp-json\/wp\/v2\/pages\/11170\/revisions"}],"wp:attachment":[{"href":"https:\/\/denthelen.com\/cs\/wp-json\/wp\/v2\/media?parent=11170"}],"curies":[{"name":"wp","href":"https:\/\/api.w.org\/{rel}","templated":true}]}}