{"id":11236,"date":"2024-10-01T11:23:53","date_gmt":"2024-10-01T08:23:53","guid":{"rendered":"https:\/\/denthelen.com\/treatments\/"},"modified":"2025-06-24T21:51:22","modified_gmt":"2025-06-24T18:51:22","slug":"osetreni","status":"publish","type":"page","link":"https:\/\/denthelen.com\/cs\/osetreni\/","title":{"rendered":"O\u0161et\u0159en\u00ed"},"content":{"rendered":"\t\t<div data-elementor-type=\"wp-page\" data-elementor-id=\"11236\" class=\"elementor elementor-11236 elementor-6412\" data-elementor-post-type=\"page\">\n\t\t\t\t<div class=\"wd-negative-gap elementor-element elementor-element-e2700e9 e-flex e-con-boxed e-con e-parent\" data-id=\"e2700e9\" data-element_type=\"container\" data-e-type=\"container\">\n\t\t\t\t\t<div class=\"e-con-inner\">\n\t\t\t\t<div class=\"elementor-element elementor-element-1833829 wd-width-100 elementor-widget elementor-widget-wd_portfolio\" data-id=\"1833829\" data-element_type=\"widget\" data-e-type=\"widget\" data-widget_type=\"wd_portfolio.default\">\n\t\t\t\t<div class=\"elementor-widget-container\">\n\t\t\t\t\t\t\t\t\t\t\t\t\t\t<div class=\"wd-portfolio-element\">\n\t\t\t\t\t\n\t\t\t\t\t\n\t\t\t\t\t<div class=\"wd-projects wd-masonry wd-grid-f-col\" data-atts=\"{&quot;posts_per_page&quot;:&quot;&quot;,&quot;filters&quot;:&quot;&quot;,&quot;filters_type&quot;:null,&quot;categories&quot;:&quot;&quot;,&quot;style&quot;:&quot;text-shown&quot;,&quot;columns&quot;:3,&quot;columns_tablet&quot;:{&quot;size&quot;:&quot;&quot;},&quot;columns_mobile&quot;:{&quot;size&quot;:&quot;&quot;},&quot;spacing&quot;:&quot;10&quot;,&quot;spacing_tablet&quot;:&quot;&quot;,&quot;spacing_mobile&quot;:&quot;&quot;,&quot;pagination&quot;:&quot;&quot;,&quot;ajax_page&quot;:&quot;&quot;,&quot;orderby&quot;:&quot;title&quot;,&quot;order&quot;:&quot;&quot;,&quot;layout&quot;:&quot;grid&quot;,&quot;lazy_loading&quot;:&quot;yes&quot;,&quot;elementor&quot;:true,&quot;custom_sizes&quot;:false,&quot;image_size&quot;:&quot;full&quot;,&quot;element_title&quot;:&quot;&quot;,&quot;element_title_tag&quot;:&quot;h4&quot;,&quot;speed&quot;:null,&quot;slides_per_view&quot;:null,&quot;slides_per_view_tablet&quot;:{&quot;size&quot;:&quot;&quot;},&quot;slides_per_view_mobile&quot;:{&quot;size&quot;:&quot;&quot;},&quot;wrap&quot;:null,&quot;autoplay&quot;:null,&quot;hide_pagination_control&quot;:null,&quot;hide_prev_next_buttons&quot;:null,&quot;scroll_per_page&quot;:null,&quot;scroll_carousel_init&quot;:null}\" data-source=\"shortcode\" data-paged=\"1\" style=\"--wd-col-lg:3;--wd-col-md:3;--wd-col-sm:1;--wd-gap-lg:10px;\">\n\t\t\t\n\t\t\t\t\t\t\t\t\t\t\t\n<article id=\"post-11105\" class=\"wd-project portfolio-entry wd-col masonry-item portfolio-text-shown proj-cat-obecna-osetreni post-11105 portfolio type-portfolio status-publish has-post-thumbnail hentry project-cat-obecna-osetreni\">\n\t<header class=\"entry-header\">\n\t\t\t\t\t<figure class=\"entry-thumbnail color-scheme-light\">\n\t\t\t\t<a href=\"https:\/\/denthelen.com\/cs\/lecba\/zubni-vyplne\/\" class=\"portfolio-thumbnail\">\n\t\t\t\t\t<img decoding=\"async\" width=\"1200\" height=\"800\" src=\"https:\/\/denthelen.com\/wp-content\/uploads\/2024\/07\/Dental-Fiiling.jpg\" class=\"attachment-full size-full\" alt=\"\" srcset=\"https:\/\/denthelen.com\/wp-content\/uploads\/2024\/07\/Dental-Fiiling.jpg 1200w, https:\/\/denthelen.com\/wp-content\/uploads\/2024\/07\/Dental-Fiiling-300x200.jpg 300w, https:\/\/denthelen.com\/wp-content\/uploads\/2024\/07\/Dental-Fiiling-1024x683.jpg 1024w, https:\/\/denthelen.com\/wp-content\/uploads\/2024\/07\/Dental-Fiiling-768x512.jpg 768w\" sizes=\"(max-width: 1200px) 100vw, 1200px\">\t\t\t\t<\/a>\n\t\t\t\t<div class=\"wd-portfolio-btns\">\n\t\t\t\t\t<div class=\"portfolio-enlarge wd-action-btn wd-style-icon wd-enlarge-icon\">\n\t\t\t\t\t\t<a href=\"https:\/\/denthelen.com\/wp-content\/uploads\/2024\/07\/Dental-Fiiling.jpg\" data-elementor-open-lightbox=\"no\">View Large<\/a>\n\t\t\t\t\t<\/div>\n\t\t\t\t\t\t\t\t\t<\/div>\n\t\t\t<\/figure>\n\t\t\n\t\t<div class=\"portfolio-info\">\n\t\t\t\t\t\t\t<div class=\"wrap-meta\">\n\t\t\t\t\t<ul class=\"proj-cats-list\">\n\t\t\t\t\t\t\t\t\t\t\t\t\t\t\t\t\t\t\t\t<li>Obecn\u00e1 o\u0161et\u0159en\u00ed<\/li>\n\t\t\t\t\t\t\t\t\t\t\t<\/ul>\n\t\t\t\t<\/div>\n\t\t\t\n\t\t\t<div class=\"wrap-title\">\n\t\t\t\t<h3 class=\"wd-entities-title\">\n\t\t\t\t\t<a href=\"https:\/\/denthelen.com\/cs\/lecba\/zubni-vyplne\/\" rel=\"bookmark\">Zubn\u00ed v\u00fdpln\u011b<\/a>\n\t\t\t\t<\/h3>\n\t\t\t<\/div>\n\t\t<\/div>\n\t<\/header>\n<\/article>\n\t\t\t\t\t\t\t\t\t\t\t\n<article id=\"post-11123\" class=\"wd-project portfolio-entry wd-col masonry-item portfolio-text-shown proj-cat-implantologie-a-ustni-chirurgie post-11123 portfolio type-portfolio status-publish has-post-thumbnail hentry project-cat-implantologie-a-ustni-chirurgie\">\n\t<header class=\"entry-header\">\n\t\t\t\t\t<figure class=\"entry-thumbnail color-scheme-light\">\n\t\t\t\t<a href=\"https:\/\/denthelen.com\/cs\/lecba\/zubni-implantaty-all-on-6\/\" class=\"portfolio-thumbnail\">\n\t\t\t\t\t<img decoding=\"async\" width=\"1200\" height=\"800\" src=\"https:\/\/denthelen.com\/wp-content\/uploads\/2024\/07\/Adsiz-tasarim-11.jpg\" class=\"attachment-full size-full\" alt=\"\" srcset=\"https:\/\/denthelen.com\/wp-content\/uploads\/2024\/07\/Adsiz-tasarim-11.jpg 1200w, https:\/\/denthelen.com\/wp-content\/uploads\/2024\/07\/Adsiz-tasarim-11-300x200.jpg 300w, https:\/\/denthelen.com\/wp-content\/uploads\/2024\/07\/Adsiz-tasarim-11-1024x683.jpg 1024w, https:\/\/denthelen.com\/wp-content\/uploads\/2024\/07\/Adsiz-tasarim-11-768x512.jpg 768w\" sizes=\"(max-width: 1200px) 100vw, 1200px\">\t\t\t\t<\/a>\n\t\t\t\t<div class=\"wd-portfolio-btns\">\n\t\t\t\t\t<div class=\"portfolio-enlarge wd-action-btn wd-style-icon wd-enlarge-icon\">\n\t\t\t\t\t\t<a href=\"https:\/\/denthelen.com\/wp-content\/uploads\/2024\/07\/Adsiz-tasarim-11.jpg\" data-elementor-open-lightbox=\"no\">View Large<\/a>\n\t\t\t\t\t<\/div>\n\t\t\t\t\t\t\t\t\t<\/div>\n\t\t\t<\/figure>\n\t\t\n\t\t<div class=\"portfolio-info\">\n\t\t\t\t\t\t\t<div class=\"wrap-meta\">\n\t\t\t\t\t<ul class=\"proj-cats-list\">\n\t\t\t\t\t\t\t\t\t\t\t\t\t\t\t\t\t\t\t\t<li>Implantologie a \u00fastn\u00ed chirurgie<\/li>\n\t\t\t\t\t\t\t\t\t\t\t<\/ul>\n\t\t\t\t<\/div>\n\t\t\t\n\t\t\t<div class=\"wrap-title\">\n\t\t\t\t<h3 class=\"wd-entities-title\">\n\t\t\t\t\t<a href=\"https:\/\/denthelen.com\/cs\/lecba\/zubni-implantaty-all-on-6\/\" rel=\"bookmark\">Zubn\u00ed implant\u00e1ty All-on-6<\/a>\n\t\t\t\t<\/h3>\n\t\t\t<\/div>\n\t\t<\/div>\n\t<\/header>\n<\/article>\n\t\t\t\t\t\t\t\t\t\t\t\n<article id=\"post-11118\" class=\"wd-project portfolio-entry wd-col masonry-item portfolio-text-shown proj-cat-implantologie-a-ustni-chirurgie post-11118 portfolio type-portfolio status-publish has-post-thumbnail hentry project-cat-implantologie-a-ustni-chirurgie\">\n\t<header class=\"entry-header\">\n\t\t\t\t\t<figure class=\"entry-thumbnail color-scheme-light\">\n\t\t\t\t<a href=\"https:\/\/denthelen.com\/cs\/lecba\/zubni-implantaty-all-on-4\/\" class=\"portfolio-thumbnail\">\n\t\t\t\t\t<img decoding=\"async\" width=\"1200\" height=\"800\" src=\"https:\/\/denthelen.com\/wp-content\/uploads\/2024\/07\/Adsiz-tasarim-12.jpg\" class=\"attachment-full size-full\" alt=\"\" srcset=\"https:\/\/denthelen.com\/wp-content\/uploads\/2024\/07\/Adsiz-tasarim-12.jpg 1200w, https:\/\/denthelen.com\/wp-content\/uploads\/2024\/07\/Adsiz-tasarim-12-300x200.jpg 300w, https:\/\/denthelen.com\/wp-content\/uploads\/2024\/07\/Adsiz-tasarim-12-1024x683.jpg 1024w, https:\/\/denthelen.com\/wp-content\/uploads\/2024\/07\/Adsiz-tasarim-12-768x512.jpg 768w\" sizes=\"(max-width: 1200px) 100vw, 1200px\">\t\t\t\t<\/a>\n\t\t\t\t<div class=\"wd-portfolio-btns\">\n\t\t\t\t\t<div class=\"portfolio-enlarge wd-action-btn wd-style-icon wd-enlarge-icon\">\n\t\t\t\t\t\t<a href=\"https:\/\/denthelen.com\/wp-content\/uploads\/2024\/07\/Adsiz-tasarim-12.jpg\" data-elementor-open-lightbox=\"no\">View Large<\/a>\n\t\t\t\t\t<\/div>\n\t\t\t\t\t\t\t\t\t<\/div>\n\t\t\t<\/figure>\n\t\t\n\t\t<div class=\"portfolio-info\">\n\t\t\t\t\t\t\t<div class=\"wrap-meta\">\n\t\t\t\t\t<ul class=\"proj-cats-list\">\n\t\t\t\t\t\t\t\t\t\t\t\t\t\t\t\t\t\t\t\t<li>Implantologie a \u00fastn\u00ed chirurgie<\/li>\n\t\t\t\t\t\t\t\t\t\t\t<\/ul>\n\t\t\t\t<\/div>\n\t\t\t\n\t\t\t<div class=\"wrap-title\">\n\t\t\t\t<h3 class=\"wd-entities-title\">\n\t\t\t\t\t<a href=\"https:\/\/denthelen.com\/cs\/lecba\/zubni-implantaty-all-on-4\/\" rel=\"bookmark\">Zubn\u00ed implant\u00e1ty All on 4<\/a>\n\t\t\t\t<\/h3>\n\t\t\t<\/div>\n\t\t<\/div>\n\t<\/header>\n<\/article>\n\t\t\t\t\t\t\t\t\t\t\t\n<article id=\"post-11125\" class=\"wd-project portfolio-entry wd-col masonry-item portfolio-text-shown proj-cat-kosmeticka-stomatologie post-11125 portfolio type-portfolio status-publish has-post-thumbnail hentry project-cat-kosmeticka-stomatologie\">\n\t<header class=\"entry-header\">\n\t\t\t\t\t<figure class=\"entry-thumbnail color-scheme-light\">\n\t\t\t\t<a href=\"https:\/\/denthelen.com\/cs\/lecba\/zubni-dyhy\/\" class=\"portfolio-thumbnail\">\n\t\t\t\t\t<img decoding=\"async\" width=\"1200\" height=\"800\" src=\"https:\/\/denthelen.com\/wp-content\/uploads\/2024\/07\/Adsiz-tasarim-3.jpg\" class=\"attachment-full size-full\" alt=\"\" srcset=\"https:\/\/denthelen.com\/wp-content\/uploads\/2024\/07\/Adsiz-tasarim-3.jpg 1200w, https:\/\/denthelen.com\/wp-content\/uploads\/2024\/07\/Adsiz-tasarim-3-300x200.jpg 300w, https:\/\/denthelen.com\/wp-content\/uploads\/2024\/07\/Adsiz-tasarim-3-1024x683.jpg 1024w, https:\/\/denthelen.com\/wp-content\/uploads\/2024\/07\/Adsiz-tasarim-3-768x512.jpg 768w\" sizes=\"(max-width: 1200px) 100vw, 1200px\">\t\t\t\t<\/a>\n\t\t\t\t<div class=\"wd-portfolio-btns\">\n\t\t\t\t\t<div class=\"portfolio-enlarge wd-action-btn wd-style-icon wd-enlarge-icon\">\n\t\t\t\t\t\t<a href=\"https:\/\/denthelen.com\/wp-content\/uploads\/2024\/07\/Adsiz-tasarim-3.jpg\" data-elementor-open-lightbox=\"no\">View Large<\/a>\n\t\t\t\t\t<\/div>\n\t\t\t\t\t\t\t\t\t<\/div>\n\t\t\t<\/figure>\n\t\t\n\t\t<div class=\"portfolio-info\">\n\t\t\t\t\t\t\t<div class=\"wrap-meta\">\n\t\t\t\t\t<ul class=\"proj-cats-list\">\n\t\t\t\t\t\t\t\t\t\t\t\t\t\t\t\t\t\t\t\t<li>Kosmetick\u00e1 stomatologie<\/li>\n\t\t\t\t\t\t\t\t\t\t\t<\/ul>\n\t\t\t\t<\/div>\n\t\t\t\n\t\t\t<div class=\"wrap-title\">\n\t\t\t\t<h3 class=\"wd-entities-title\">\n\t\t\t\t\t<a href=\"https:\/\/denthelen.com\/cs\/lecba\/zubni-dyhy\/\" rel=\"bookmark\">Zubn\u00ed d\u00fdhy<\/a>\n\t\t\t\t<\/h3>\n\t\t\t<\/div>\n\t\t<\/div>\n\t<\/header>\n<\/article>\n\t\t\t\t\t\t\t\t\t\t\t\n<article id=\"post-11185\" class=\"wd-project portfolio-entry wd-col masonry-item portfolio-text-shown proj-cat-kosmeticka-stomatologie post-11185 portfolio type-portfolio status-publish has-post-thumbnail hentry project-cat-kosmeticka-stomatologie\">\n\t<header class=\"entry-header\">\n\t\t\t\t\t<figure class=\"entry-thumbnail color-scheme-light\">\n\t\t\t\t<a href=\"https:\/\/denthelen.com\/cs\/lecba\/zirkonova-korunka\/\" class=\"portfolio-thumbnail\">\n\t\t\t\t\t<img decoding=\"async\" width=\"1200\" height=\"800\" src=\"https:\/\/denthelen.com\/wp-content\/uploads\/2015\/12\/Adsiz-tasarim-7.jpg\" class=\"attachment-full size-full\" alt=\"\" srcset=\"https:\/\/denthelen.com\/wp-content\/uploads\/2015\/12\/Adsiz-tasarim-7.jpg 1200w, https:\/\/denthelen.com\/wp-content\/uploads\/2015\/12\/Adsiz-tasarim-7-300x200.jpg 300w, https:\/\/denthelen.com\/wp-content\/uploads\/2015\/12\/Adsiz-tasarim-7-1024x683.jpg 1024w, https:\/\/denthelen.com\/wp-content\/uploads\/2015\/12\/Adsiz-tasarim-7-768x512.jpg 768w\" sizes=\"(max-width: 1200px) 100vw, 1200px\">\t\t\t\t<\/a>\n\t\t\t\t<div class=\"wd-portfolio-btns\">\n\t\t\t\t\t<div class=\"portfolio-enlarge wd-action-btn wd-style-icon wd-enlarge-icon\">\n\t\t\t\t\t\t<a href=\"https:\/\/denthelen.com\/wp-content\/uploads\/2015\/12\/Adsiz-tasarim-7.jpg\" data-elementor-open-lightbox=\"no\">View Large<\/a>\n\t\t\t\t\t<\/div>\n\t\t\t\t\t\t\t\t\t<\/div>\n\t\t\t<\/figure>\n\t\t\n\t\t<div class=\"portfolio-info\">\n\t\t\t\t\t\t\t<div class=\"wrap-meta\">\n\t\t\t\t\t<ul class=\"proj-cats-list\">\n\t\t\t\t\t\t\t\t\t\t\t\t\t\t\t\t\t\t\t\t<li>Kosmetick\u00e1 stomatologie<\/li>\n\t\t\t\t\t\t\t\t\t\t\t<\/ul>\n\t\t\t\t<\/div>\n\t\t\t\n\t\t\t<div class=\"wrap-title\">\n\t\t\t\t<h3 class=\"wd-entities-title\">\n\t\t\t\t\t<a href=\"https:\/\/denthelen.com\/cs\/lecba\/zirkonova-korunka\/\" rel=\"bookmark\">Zirkonov\u00e1 korunka<\/a>\n\t\t\t\t<\/h3>\n\t\t\t<\/div>\n\t\t<\/div>\n\t<\/header>\n<\/article>\n\t\t\t\t\t\t\t\t\t\t\t\n<article id=\"post-11110\" class=\"wd-project portfolio-entry wd-col masonry-item portfolio-text-shown proj-cat-kosmeticka-stomatologie post-11110 portfolio type-portfolio status-publish has-post-thumbnail hentry project-cat-kosmeticka-stomatologie\">\n\t<header class=\"entry-header\">\n\t\t\t\t\t<figure class=\"entry-thumbnail color-scheme-light\">\n\t\t\t\t<a href=\"https:\/\/denthelen.com\/cs\/lecba\/uprava-usmevu\/\" class=\"portfolio-thumbnail\">\n\t\t\t\t\t<img decoding=\"async\" width=\"1200\" height=\"800\" src=\"https:\/\/denthelen.com\/wp-content\/uploads\/2024\/07\/Adsiz-tasarim-8.jpg\" class=\"attachment-full size-full\" alt=\"\" srcset=\"https:\/\/denthelen.com\/wp-content\/uploads\/2024\/07\/Adsiz-tasarim-8.jpg 1200w, https:\/\/denthelen.com\/wp-content\/uploads\/2024\/07\/Adsiz-tasarim-8-300x200.jpg 300w, https:\/\/denthelen.com\/wp-content\/uploads\/2024\/07\/Adsiz-tasarim-8-1024x683.jpg 1024w, https:\/\/denthelen.com\/wp-content\/uploads\/2024\/07\/Adsiz-tasarim-8-768x512.jpg 768w\" sizes=\"(max-width: 1200px) 100vw, 1200px\">\t\t\t\t<\/a>\n\t\t\t\t<div class=\"wd-portfolio-btns\">\n\t\t\t\t\t<div class=\"portfolio-enlarge wd-action-btn wd-style-icon wd-enlarge-icon\">\n\t\t\t\t\t\t<a href=\"https:\/\/denthelen.com\/wp-content\/uploads\/2024\/07\/Adsiz-tasarim-8.jpg\" data-elementor-open-lightbox=\"no\">View Large<\/a>\n\t\t\t\t\t<\/div>\n\t\t\t\t\t\t\t\t\t<\/div>\n\t\t\t<\/figure>\n\t\t\n\t\t<div class=\"portfolio-info\">\n\t\t\t\t\t\t\t<div class=\"wrap-meta\">\n\t\t\t\t\t<ul class=\"proj-cats-list\">\n\t\t\t\t\t\t\t\t\t\t\t\t\t\t\t\t\t\t\t\t<li>Kosmetick\u00e1 stomatologie<\/li>\n\t\t\t\t\t\t\t\t\t\t\t<\/ul>\n\t\t\t\t<\/div>\n\t\t\t\n\t\t\t<div class=\"wrap-title\">\n\t\t\t\t<h3 class=\"wd-entities-title\">\n\t\t\t\t\t<a href=\"https:\/\/denthelen.com\/cs\/lecba\/uprava-usmevu\/\" rel=\"bookmark\">\u00daprava \u00fasm\u011bvu<\/a>\n\t\t\t\t<\/h3>\n\t\t\t<\/div>\n\t\t<\/div>\n\t<\/header>\n<\/article>\n\t\t\t\t\t\t\t\t\t\t\t\n<article id=\"post-11192\" class=\"wd-project portfolio-entry wd-col masonry-item portfolio-text-shown proj-cat-obecna-osetreni post-11192 portfolio type-portfolio status-publish has-post-thumbnail hentry project-cat-obecna-osetreni\">\n\t<header class=\"entry-header\">\n\t\t\t\t\t<figure class=\"entry-thumbnail color-scheme-light\">\n\t\t\t\t<a href=\"https:\/\/denthelen.com\/cs\/lecba\/sinus-lift-turecko\/\" class=\"portfolio-thumbnail\">\n\t\t\t\t\t<img decoding=\"async\" width=\"1200\" height=\"800\" src=\"https:\/\/denthelen.com\/wp-content\/uploads\/2024\/07\/Adsiz-tasarim-13.jpg\" class=\"attachment-full size-full\" alt=\"\" srcset=\"https:\/\/denthelen.com\/wp-content\/uploads\/2024\/07\/Adsiz-tasarim-13.jpg 1200w, https:\/\/denthelen.com\/wp-content\/uploads\/2024\/07\/Adsiz-tasarim-13-300x200.jpg 300w, https:\/\/denthelen.com\/wp-content\/uploads\/2024\/07\/Adsiz-tasarim-13-1024x683.jpg 1024w, https:\/\/denthelen.com\/wp-content\/uploads\/2024\/07\/Adsiz-tasarim-13-768x512.jpg 768w\" sizes=\"(max-width: 1200px) 100vw, 1200px\">\t\t\t\t<\/a>\n\t\t\t\t<div class=\"wd-portfolio-btns\">\n\t\t\t\t\t<div class=\"portfolio-enlarge wd-action-btn wd-style-icon wd-enlarge-icon\">\n\t\t\t\t\t\t<a href=\"https:\/\/denthelen.com\/wp-content\/uploads\/2024\/07\/Adsiz-tasarim-13.jpg\" data-elementor-open-lightbox=\"no\">View Large<\/a>\n\t\t\t\t\t<\/div>\n\t\t\t\t\t\t\t\t\t<\/div>\n\t\t\t<\/figure>\n\t\t\n\t\t<div class=\"portfolio-info\">\n\t\t\t\t\t\t\t<div class=\"wrap-meta\">\n\t\t\t\t\t<ul class=\"proj-cats-list\">\n\t\t\t\t\t\t\t\t\t\t\t\t\t\t\t\t\t\t\t\t<li>Obecn\u00e1 o\u0161et\u0159en\u00ed<\/li>\n\t\t\t\t\t\t\t\t\t\t\t<\/ul>\n\t\t\t\t<\/div>\n\t\t\t\n\t\t\t<div class=\"wrap-title\">\n\t\t\t\t<h3 class=\"wd-entities-title\">\n\t\t\t\t\t<a href=\"https:\/\/denthelen.com\/cs\/lecba\/sinus-lift-turecko\/\" rel=\"bookmark\">Sinus Lift Turecko<\/a>\n\t\t\t\t<\/h3>\n\t\t\t<\/div>\n\t\t<\/div>\n\t<\/header>\n<\/article>\n\t\t\t\t\t\t\t\t\t\t\t\n<article id=\"post-11181\" class=\"wd-project portfolio-entry wd-col masonry-item portfolio-text-shown proj-cat-kosmeticka-stomatologie post-11181 portfolio type-portfolio status-publish has-post-thumbnail hentry project-cat-kosmeticka-stomatologie\">\n\t<header class=\"entry-header\">\n\t\t\t\t\t<figure class=\"entry-thumbnail color-scheme-light\">\n\t\t\t\t<a href=\"https:\/\/denthelen.com\/cs\/lecba\/porcelanove-korunky\/\" class=\"portfolio-thumbnail\">\n\t\t\t\t\t<img decoding=\"async\" width=\"1200\" height=\"800\" src=\"https:\/\/denthelen.com\/wp-content\/uploads\/2024\/07\/Adsiz-tasarim-6-1.jpg\" class=\"attachment-full size-full\" alt=\"\" srcset=\"https:\/\/denthelen.com\/wp-content\/uploads\/2024\/07\/Adsiz-tasarim-6-1.jpg 1200w, https:\/\/denthelen.com\/wp-content\/uploads\/2024\/07\/Adsiz-tasarim-6-1-300x200.jpg 300w, https:\/\/denthelen.com\/wp-content\/uploads\/2024\/07\/Adsiz-tasarim-6-1-1024x683.jpg 1024w, https:\/\/denthelen.com\/wp-content\/uploads\/2024\/07\/Adsiz-tasarim-6-1-768x512.jpg 768w\" sizes=\"(max-width: 1200px) 100vw, 1200px\">\t\t\t\t<\/a>\n\t\t\t\t<div class=\"wd-portfolio-btns\">\n\t\t\t\t\t<div class=\"portfolio-enlarge wd-action-btn wd-style-icon wd-enlarge-icon\">\n\t\t\t\t\t\t<a href=\"https:\/\/denthelen.com\/wp-content\/uploads\/2024\/07\/Adsiz-tasarim-6-1.jpg\" data-elementor-open-lightbox=\"no\">View Large<\/a>\n\t\t\t\t\t<\/div>\n\t\t\t\t\t\t\t\t\t<\/div>\n\t\t\t<\/figure>\n\t\t\n\t\t<div class=\"portfolio-info\">\n\t\t\t\t\t\t\t<div class=\"wrap-meta\">\n\t\t\t\t\t<ul class=\"proj-cats-list\">\n\t\t\t\t\t\t\t\t\t\t\t\t\t\t\t\t\t\t\t\t<li>Kosmetick\u00e1 stomatologie<\/li>\n\t\t\t\t\t\t\t\t\t\t\t<\/ul>\n\t\t\t\t<\/div>\n\t\t\t\n\t\t\t<div class=\"wrap-title\">\n\t\t\t\t<h3 class=\"wd-entities-title\">\n\t\t\t\t\t<a href=\"https:\/\/denthelen.com\/cs\/lecba\/porcelanove-korunky\/\" rel=\"bookmark\">Porcel\u00e1nov\u00e9 korunky<\/a>\n\t\t\t\t<\/h3>\n\t\t\t<\/div>\n\t\t<\/div>\n\t<\/header>\n<\/article>\n\t\t\t\t\t\t\t\t\t\t\t\n<article id=\"post-11099\" class=\"wd-project portfolio-entry wd-col masonry-item portfolio-text-shown proj-cat-obecna-osetreni post-11099 portfolio type-portfolio status-publish has-post-thumbnail hentry project-cat-obecna-osetreni\">\n\t<header class=\"entry-header\">\n\t\t\t\t\t<figure class=\"entry-thumbnail color-scheme-light\">\n\t\t\t\t<a href=\"https:\/\/denthelen.com\/cs\/lecba\/osetreni-korenovych-kanalku\/\" class=\"portfolio-thumbnail\">\n\t\t\t\t\t<img decoding=\"async\" width=\"1200\" height=\"800\" src=\"https:\/\/denthelen.com\/wp-content\/uploads\/2024\/07\/Adsiz-tasarim1.jpg\" class=\"attachment-full size-full\" alt=\"\" srcset=\"https:\/\/denthelen.com\/wp-content\/uploads\/2024\/07\/Adsiz-tasarim1.jpg 1200w, https:\/\/denthelen.com\/wp-content\/uploads\/2024\/07\/Adsiz-tasarim1-300x200.jpg 300w, https:\/\/denthelen.com\/wp-content\/uploads\/2024\/07\/Adsiz-tasarim1-1024x683.jpg 1024w, https:\/\/denthelen.com\/wp-content\/uploads\/2024\/07\/Adsiz-tasarim1-768x512.jpg 768w\" sizes=\"(max-width: 1200px) 100vw, 1200px\">\t\t\t\t<\/a>\n\t\t\t\t<div class=\"wd-portfolio-btns\">\n\t\t\t\t\t<div class=\"portfolio-enlarge wd-action-btn wd-style-icon wd-enlarge-icon\">\n\t\t\t\t\t\t<a href=\"https:\/\/denthelen.com\/wp-content\/uploads\/2024\/07\/Adsiz-tasarim1.jpg\" data-elementor-open-lightbox=\"no\">View Large<\/a>\n\t\t\t\t\t<\/div>\n\t\t\t\t\t\t\t\t\t<\/div>\n\t\t\t<\/figure>\n\t\t\n\t\t<div class=\"portfolio-info\">\n\t\t\t\t\t\t\t<div class=\"wrap-meta\">\n\t\t\t\t\t<ul class=\"proj-cats-list\">\n\t\t\t\t\t\t\t\t\t\t\t\t\t\t\t\t\t\t\t\t<li>Obecn\u00e1 o\u0161et\u0159en\u00ed<\/li>\n\t\t\t\t\t\t\t\t\t\t\t<\/ul>\n\t\t\t\t<\/div>\n\t\t\t\n\t\t\t<div class=\"wrap-title\">\n\t\t\t\t<h3 class=\"wd-entities-title\">\n\t\t\t\t\t<a href=\"https:\/\/denthelen.com\/cs\/lecba\/osetreni-korenovych-kanalku\/\" rel=\"bookmark\">O\u0161et\u0159en\u00ed ko\u0159enov\u00fdch kan\u00e1lk\u016f<\/a>\n\t\t\t\t<\/h3>\n\t\t\t<\/div>\n\t\t<\/div>\n\t<\/header>\n<\/article>\n\t\t\t\t\t\t\t\t\t\t\t\n<article id=\"post-11108\" class=\"wd-project portfolio-entry wd-col masonry-item portfolio-text-shown post-11108 portfolio type-portfolio status-publish has-post-thumbnail hentry\">\n\t<header class=\"entry-header\">\n\t\t\t\t\t<figure class=\"entry-thumbnail color-scheme-light\">\n\t\t\t\t<a href=\"https:\/\/denthelen.com\/cs\/lecba\/lecba-onemocneni-dasni\/\" class=\"portfolio-thumbnail\">\n\t\t\t\t\t<img decoding=\"async\" width=\"1200\" height=\"800\" src=\"https:\/\/denthelen.com\/wp-content\/uploads\/2024\/07\/Gum.jpg\" class=\"attachment-full size-full\" alt=\"\" srcset=\"https:\/\/denthelen.com\/wp-content\/uploads\/2024\/07\/Gum.jpg 1200w, https:\/\/denthelen.com\/wp-content\/uploads\/2024\/07\/Gum-300x200.jpg 300w, https:\/\/denthelen.com\/wp-content\/uploads\/2024\/07\/Gum-1024x683.jpg 1024w, https:\/\/denthelen.com\/wp-content\/uploads\/2024\/07\/Gum-768x512.jpg 768w\" sizes=\"(max-width: 1200px) 100vw, 1200px\">\t\t\t\t<\/a>\n\t\t\t\t<div class=\"wd-portfolio-btns\">\n\t\t\t\t\t<div class=\"portfolio-enlarge wd-action-btn wd-style-icon wd-enlarge-icon\">\n\t\t\t\t\t\t<a href=\"https:\/\/denthelen.com\/wp-content\/uploads\/2024\/07\/Gum.jpg\" data-elementor-open-lightbox=\"no\">View Large<\/a>\n\t\t\t\t\t<\/div>\n\t\t\t\t\t\t\t\t\t<\/div>\n\t\t\t<\/figure>\n\t\t\n\t\t<div class=\"portfolio-info\">\n\t\t\t\n\t\t\t<div class=\"wrap-title\">\n\t\t\t\t<h3 class=\"wd-entities-title\">\n\t\t\t\t\t<a href=\"https:\/\/denthelen.com\/cs\/lecba\/lecba-onemocneni-dasni\/\" rel=\"bookmark\">L\u00e9\u010dba onemocn\u011bn\u00ed d\u00e1sn\u00ed<\/a>\n\t\t\t\t<\/h3>\n\t\t\t<\/div>\n\t\t<\/div>\n\t<\/header>\n<\/article>\n\t\t\t\n\t\t\t\t\t\t\t\t<\/div>\n\n\t\t\t\t\t\t\t\t\t\t\t\t\t\t\t\t\t\t\t\t\t\t\t\t\t\t\t\t\t<div class=\"wd-loop-footer portfolio-footer\">\n\t\t\t\t\t\t\t\t\t\t\t\t\t\t\t<nav class=\"wd-pagination\"><ul><li><span class=\"current page-numbers\">1<\/span><\/li><li><a href=\"https:\/\/denthelen.com\/cs\/wp-json\/wp\/v2\/pages\/11236\/page\/2\/\" class=\"page-numbers\" >2<\/a><\/li><\/ul><\/nav>\t\t\t\t\t\t\t\t\t\t\t\t\t<\/div>\n\t\t\t\t\t\t\t\t\t<\/div>\n\t\t\t\n\t\t\t\t\t\t\t\t<\/div>\n\t\t\t\t<\/div>\n\t\t\t\t\t<\/div>\n\t\t\t\t<\/div>\n\t\t\t\t<\/div>\n\t\t","protected":false},"excerpt":{"rendered":"<p>Cosmetic Dentistry Zirconia Crown General Treatments Teeth Whitening General Treatments Teeth Extraction Cosmetic Dentistry Smile Makeover General Treatments Sinus Lift<\/p>\n","protected":false},"author":3,"featured_media":11238,"parent":0,"menu_order":0,"comment_status":"closed","ping_status":"closed","template":"","meta":{"footnotes":""},"class_list":["post-11236","page","type-page","status-publish","has-post-thumbnail","hentry"],"_links":{"self":[{"href":"https:\/\/denthelen.com\/cs\/wp-json\/wp\/v2\/pages\/11236","targetHints":{"allow":["GET"]}}],"collection":[{"href":"https:\/\/denthelen.com\/cs\/wp-json\/wp\/v2\/pages"}],"about":[{"href":"https:\/\/denthelen.com\/cs\/wp-json\/wp\/v2\/types\/page"}],"author":[{"embeddable":true,"href":"https:\/\/denthelen.com\/cs\/wp-json\/wp\/v2\/users\/3"}],"replies":[{"embeddable":true,"href":"https:\/\/denthelen.com\/cs\/wp-json\/wp\/v2\/comments?post=11236"}],"version-history":[{"count":0,"href":"https:\/\/denthelen.com\/cs\/wp-json\/wp\/v2\/pages\/11236\/revisions"}],"wp:featuredmedia":[{"embeddable":true,"href":"https:\/\/denthelen.com\/cs\/wp-json\/wp\/v2\/media\/11238"}],"wp:attachment":[{"href":"https:\/\/denthelen.com\/cs\/wp-json\/wp\/v2\/media?parent=11236"}],"curies":[{"name":"wp","href":"https:\/\/api.w.org\/{rel}","templated":true}]}}